{"id":2,"date":"2023-10-09T15:49:16","date_gmt":"2023-10-09T15:49:16","guid":{"rendered":"http:\/\/grain.st\/?page_id=2"},"modified":"2023-10-19T12:45:58","modified_gmt":"2023-10-19T12:45:58","slug":"about","status":"publish","type":"page","link":"https:\/\/grain.st\/es\/acerca-de\/","title":{"rendered":"Acerca de"},"content":{"rendered":"<p>Importaci\u00f3n-exportaci\u00f3n de trigo y semillas de girasol por v\u00eda mar\u00edtima.<\/p>","protected":false},"excerpt":{"rendered":"<p>Importaci\u00f3n-exportaci\u00f3n de trigo y semillas de girasol por v\u00eda mar\u00edtima.<\/p>","protected":false},"author":1,"featured_media":0,"parent":0,"menu_order":0,"comment_status":"closed","ping_status":"open","template":"","meta":{"footnotes":""},"_links":{"self":[{"href":"https:\/\/grain.st\/es\/wp-json\/wp\/v2\/pages\/2"}],"collection":[{"href":"https:\/\/grain.st\/es\/wp-json\/wp\/v2\/pages"}],"about":[{"href":"https:\/\/grain.st\/es\/wp-json\/wp\/v2\/types\/page"}],"author":[{"embeddable":true,"href":"https:\/\/grain.st\/es\/wp-json\/wp\/v2\/users\/1"}],"replies":[{"embeddable":true,"href":"https:\/\/grain.st\/es\/wp-json\/wp\/v2\/comments?post=2"}],"version-history":[{"count":3,"href":"https:\/\/grain.st\/es\/wp-json\/wp\/v2\/pages\/2\/revisions"}],"predecessor-version":[{"id":280,"href":"https:\/\/grain.st\/es\/wp-json\/wp\/v2\/pages\/2\/revisions\/280"}],"wp:attachment":[{"href":"https:\/\/grain.st\/es\/wp-json\/wp\/v2\/media?parent=2"}],"curies":[{"name":"wp","href":"https:\/\/api.w.org\/{rel}","templated":true}]}}